{"id":2907,"date":"2026-04-13T09:53:40","date_gmt":"2026-04-13T07:53:40","guid":{"rendered":"https:\/\/habitusfidei.art\/en-la-casa-del-senor-la-exposicion\/"},"modified":"2026-05-06T12:02:35","modified_gmt":"2026-05-06T10:02:35","slug":"en-la-casa-del-senor-la-exposicion","status":"publish","type":"page","link":"https:\/\/habitusfidei.art\/es\/en-la-casa-del-senor-la-exposicion\/","title":{"rendered":"En la casa del Se\u00f1or &#8211; La exposici\u00f3n"},"content":{"rendered":"<div class=\"et_pb_section_0 et_pb_section et_section_regular et_block_section\">\n<div class=\"et_pb_row_0 et_pb_row et_pb_equal_columns et_pb_gutters2 et_block_row\">\n<div class=\"et_pb_column_0 et_pb_column et_pb_column_2_5 et_block_column et_pb_css_mix_blend_mode_passthrough\">\n<div class=\"et_pb_text_0 et_pb_text et_pb_bg_layout_light et_pb_module et_block_module preset--module--divi-text--default\"><div class=\"et_pb_text_inner\"><h2>La exposici\u00f3n - <br \/><strong>En la casa del Se\u00f1or<\/strong><\/h2>\n<\/div><\/div>\n\n<div class=\"et_pb_text_1 et_pb_text et_pb_bg_layout_light et_pb_module et_flex_module preset--module--divi-text--default\"><div class=\"et_pb_text_inner\"><h2><em>H\u00e1bitos y hermandades del \"Se\u00f1or de los Milagros\" en el mundo<\/em><\/h2>\n<\/div><\/div>\n\n<div class=\"et_pb_image_0 et_pb_image et_pb_module et_flex_module\"><span class=\"et_pb_image_wrap\"><img loading=\"lazy\" decoding=\"async\" src=\"https:\/\/habitusfidei.art\/wp-content\/uploads\/2026\/04\/54947933635_018aef4a59_k.jpg\" title=\"54947933635_018aef4a59_k\" width=\"1257\" height=\"2047\" class=\"wp-image-2510\" \/><\/span><\/div>\n<\/div>\n\n<div class=\"et_pb_column_1 et_pb_column et_pb_column_3_5 et-last-child et_block_column et_pb_css_mix_blend_mode_passthrough\">\n<div class=\"et_pb_text_2 et_pb_text et_pb_bg_layout_light et_pb_module et_flex_module preset--module--divi-text--default\"><div class=\"et_pb_text_inner\"><p><strong>En la Casa del Se\u00f1or. H\u00e1bitos y hermandades del Se\u00f1or de los Milagros en el mundo <\/strong> propone un programa expositivo internacional dedicado al Se\u00f1or de los Milagros como una de las expresiones espirituales, visuales y comunitarias m\u00e1s profundas del Per\u00fa y, al mismo tiempo, como uno de los fen\u00f3menos devocionales en mayor expansi\u00f3n en el mundo contempor\u00e1neo.<\/p>\n<p>La iniciativa naci\u00f3 con la intenci\u00f3n de ofrecer una lectura hist\u00f3rica, iconogr\u00e1fica y antropol\u00f3gica del culto, capaz de mostrar no solo el poder de la imagen, sino tambi\u00e9n el universo ritual, corporal y comunitario que la sustenta: los H\u00e1bitos y hermandadestrajes, las cofrad\u00edas, la procesi\u00f3n, los milagros, el canto, el incienso, los colores, los sabores, la memoria y la esperanza compartida.<\/p>\n<p>La exposici\u00f3n es <em>itinerante<\/em> y <em>modular<\/em>, dise\u00f1ada para integrar investigaci\u00f3n, patrimonio, diplomacia cultural y comunidad. Su objetivo es activar una narrativa curatorial compartida en diferentes ciudades, rigurosa en sus fundamentos hist\u00f3ricos y respetuosa de su dimensi\u00f3n espiritual, capaz de adaptarse a distintos contextos locales sin perder coherencia conceptual, visual y simb\u00f3lica. <\/p>\n<\/div><\/div>\n<\/div>\n<\/div>\n\n\n<\/div>\n\n\n\n<div class=\"et_pb_section_2 et_pb_section et_section_regular et_block_section\">\n<div class=\"et_pb_row_4 et_pb_row et_block_row\">\n<div class=\"et_pb_column_8 et_pb_column et_pb_column_4_4 et-last-child et_block_column et_pb_css_mix_blend_mode_passthrough\">\n<div class=\"et_pb_text_11 et_pb_text et_pb_bg_layout_light et_pb_module et_block_module et_pb_text_align_center preset--module--divi-text--default\"><div class=\"et_pb_text_inner\"><h3>Organizaci\u00f3n<\/h3>\n<h2>Los curadores<\/h2>\n<\/div><\/div>\n<\/div>\n<\/div>\n\n<div class=\"et_pb_row_5 et_pb_row et_flex_row\">\n<div class=\"et_pb_column_9 et_pb_column et_flex_column et_pb_css_mix_blend_mode_passthrough et_flex_column_12_24 et_flex_column_12_24_tablet et_flex_column_24_24_phone\">\n<div class=\"et_pb_team_member_0 et_pb_team_member et_pb_bg_layout_light et_pb_module et_flex_module preset--module--divi-team-member--default\"><div class=\"et_pb_team_member_image et-waypoint et_pb_animation_off\"><img loading=\"lazy\" decoding=\"async\" src=\"https:\/\/habitusfidei.art\/wp-content\/uploads\/2026\/04\/adine_gavazzi.jpg\" alt=\"Adine Gavazzi\" width=\"1134\" height=\"1054\" class=\"wp-image-2868\" title=\"adine_gavazzi\" \/><\/div><div class=\"et_pb_team_member_description\"><h4 class=\"et_pb_module_header\">Adine Gavazzi<\/h4><p class=\"et_pb_member_position\">Colaboradora cient\u00edfica de la Facultad de Comunicaci\u00f3n, Cultura y Sociedad - USI<\/p><div class=\"et_pb_team_member_description_content\"><p>Arquitecta suiza del Polit\u00e9cnico de Mil\u00e1n, especializada en antropolog\u00eda andina y amaz\u00f3nica, estudia las culturas de los bosques, los paisajes de cuidado y la arquitectura ceremonial precolonial e ind\u00edgena. Ha trabajado en todas las regiones del Neotr\u00f3pico y en los sitios de Patrimonio Mundial de Nasca, Cusco, Machupicchu, Tiahuanaco y R\u00edo Abiseo.  Su tecnomorfolog\u00eda de campo ha definido una base te\u00f3rica disciplinar para el an\u00e1lisis del patrimonio tangible e intangible en tres continentes. <\/p>\n<p>Es miembro fundador de la C\u00e1tedra UNESCO de la Universidad de G\u00e9nova en Antropolog\u00eda de la Salud y profesora en la Universidad Nacional Pedro Ru\u00edz Gallo de Lambayeque, la Universidad Nacional Intercultural de Amazonia en Pucallpa y la Universidad Nacional Intercultural de Quillabamba. Es colaboradora de la C\u00e1tedra UNESCO en TIC para el desarrollo y promoci\u00f3n del turismo sostenible en Sitios de Patrimonio Mundial. <\/p>\n<\/div><\/div><\/div>\n<\/div>\n\n<div class=\"et_pb_column_10 et_pb_column et-last-child et_flex_column et_pb_css_mix_blend_mode_passthrough et_flex_column_12_24 et_flex_column_12_24_tablet et_flex_column_24_24_phone\">\n<div class=\"et_pb_team_member_1 et_pb_team_member et_pb_bg_layout_light et_pb_module et_flex_module preset--module--divi-team-member--default\"><div class=\"et_pb_team_member_image et-waypoint et_pb_animation_off\"><img loading=\"lazy\" decoding=\"async\" src=\"https:\/\/habitusfidei.art\/wp-content\/uploads\/2025\/01\/cantoni_lorenzo_20201022-1.png\" alt=\"Lorenzo Cantoni\" width=\"1200\" height=\"1200\" class=\"wp-image-193\" title=\"cantoni_lorenzo_20201022 1\" \/><\/div><div class=\"et_pb_team_member_description\"><h4 class=\"et_pb_module_header\">Lorenzo Cantoni<\/h4><p class=\"et_pb_member_position\">Director de la C\u00e1tedra UNESCO de la Universidad de la Suiza italiana<\/p><div class=\"et_pb_team_member_description_content\"><p><span>Licenciado en Filosof\u00eda, obtuvo un doctorado en el \u00e1mbito formativo. Es profesor en la USI - Universidad de la Suiza italiana (Lugano, Suiza), Facultad de Comunicaci\u00f3n, Cultura y Sociedad, donde es director del Instituto de Tecnolog\u00edas Digitales para la Comunicaci\u00f3n y responsable de la C\u00e1tedra UNESCO en TIC para el desarrollo y promoci\u00f3n del turismo sostenible en Sitios de Patrimonio Mundial, establecida en la USI desde 2013.  Es miembro del consejo de WHES - World Heritage Experience Switzerland y director del <\/span><a href=\"https:\/\/www.usi.ch\/mdfc\" target=\"_blank\" rel=\"noopener\">M\u00e1ster en Comunicaci\u00f3n Digital de Moda<\/a><span>, realizado en colaboraci\u00f3n con la Universidad Sorbona (Paris 1 Panth\u00e9on-Sorbonne) y director <\/span><a href=\"https:\/\/www.usi.ch\/mt\" target=\"_blank\" rel=\"noopener\">del M\u00e1ster en Turismo Internacional<\/a><span>.<\/span><\/p>\n<\/div><\/div><\/div>\n<\/div>\n<\/div>\n\n<div class=\"et_pb_row_6 et_pb_row et_flex_row\">\n<div class=\"et_pb_column_11 et_pb_column et_flex_column et_pb_css_mix_blend_mode_passthrough et_flex_column_12_24 et_flex_column_12_24_tablet et_flex_column_24_24_phone\">\n<div class=\"et_pb_team_member_2 et_pb_team_member et_pb_bg_layout_light et_pb_module et_flex_module preset--module--divi-team-member--default\"><div class=\"et_pb_team_member_image et-waypoint et_pb_animation_off\"><img loading=\"lazy\" decoding=\"async\" src=\"https:\/\/habitusfidei.art\/wp-content\/uploads\/2025\/01\/53104631363_0f655ffa7a_o-1-1.png\" alt=\"Alessandro Tosi\" width=\"1200\" height=\"1200\" class=\"wp-image-192\" title=\"53104631363_0f655ffa7a_o 1\" \/><\/div><div class=\"et_pb_team_member_description\"><h4 class=\"et_pb_module_header\">Alessandro Tosi<\/h4><p class=\"et_pb_member_position\">Director Cient\u00edfico del Museo de la Gr\u00e1fica del Palazzo Lanfranchi<\/p><div class=\"et_pb_team_member_description_content\"><p>Desarrolla su actividad docente e investigadora en el Departamento de Civilizaci\u00f3n y Formas del Saber de la Universidad de Pisa como profesor de Historia del Arte Moderno. Presidente del Plan de Estudios en \"Ciencias de los Bienes Culturales\" de 2003 a 2006, presidente del consejo agregado de los Planes de Estudios en \"Ciencias del Turismo\" y \"Planificaci\u00f3n y Gesti\u00f3n de los Sistemas Tur\u00edsticos Mediterr\u00e1neos\" de 2008 a 2014 y de 2021 a 2023, actualmente es Vicepresidente del Sistema Muse\u00edstico de la Universidad de Pisa. Desde 2007 es Director Cient\u00edfico del Museo de la Gr\u00e1fica del Palazzo Lanfranchi (Municipio de Pisa, Universidad de Pisa), instituci\u00f3n que alberga las colecciones del Gabinete de Dibujos y Grabados de la Universidad de Pisa.  <\/p>\n<p>&nbsp;<\/p>\n<\/div><\/div><\/div>\n<\/div>\n\n<div class=\"et_pb_column_12 et_pb_column et-last-child et_flex_column et_pb_css_mix_blend_mode_passthrough et_flex_column_12_24 et_flex_column_12_24_tablet et_flex_column_24_24_phone\">\n<div class=\"et_pb_team_member_3 et_pb_team_member et_pb_bg_layout_light et_pb_module et_flex_module preset--module--divi-team-member--default\"><div class=\"et_pb_team_member_image et-waypoint et_pb_animation_off\"><img loading=\"lazy\" decoding=\"async\" src=\"https:\/\/habitusfidei.art\/wp-content\/uploads\/2026\/04\/anel_pancorvo-300x293.jpeg\" alt=\"Anel Pancorvo\" width=\"300\" height=\"293\" class=\"wp-image-2848\" title=\"53104631363_0f655ffa7a_o 1\" \/><\/div><div class=\"et_pb_team_member_description\"><h4 class=\"et_pb_module_header\">Anel Pancorvo<\/h4><p class=\"et_pb_member_position\">Fundador y Director General de Apus Edizioni<\/p><div class=\"et_pb_team_member_description_content\"><p>Con m\u00e1s de 25 a\u00f1os de experiencia como editora y promotora cultural independiente, ha publicado m\u00e1s de sesenta publicaciones de gran formato, de contenido cient\u00edfico y visual de alta calidad, en coedici\u00f3n o colaboraci\u00f3n con instituciones de referencia internacional, entre ellas Jaca Book (Italia), Hazan (Francia), Frankfurt Zoological Society (Alemania), el Getty Research Center (EE.UU.), el Khipu Database Project de Harvard, el Instituto Cervantes de Hamburgo y Fr\u00e1ncfort, as\u00ed como con el Ministerio de Asuntos Exteriores y el Ministerio de Cultura del Per\u00fa.<\/p>\n<p>Su trabajo abarca desde la arqueolog\u00eda precolombina hasta la antropolog\u00eda de lo sagrado y la biodiversidad. Su participaci\u00f3n en En la Casa del Se\u00f1or, en colaboraci\u00f3n con la C\u00e1tedra UNESCO de la Universidad de la Suiza italiana, refleja su compromiso permanente con la preservaci\u00f3n y la comunicaci\u00f3n del patrimonio cultural vivo del Per\u00fa. <\/p>\n<\/div><\/div><\/div>\n<\/div>\n<\/div>\n<\/div>","protected":false},"excerpt":{"rendered":"","protected":false},"author":3,"featured_media":0,"parent":0,"menu_order":0,"comment_status":"closed","ping_status":"closed","template":"","meta":{"footnotes":""},"class_list":["post-2907","page","type-page","status-publish","hentry"],"yoast_head":"<!-- This site is optimized with the Yoast SEO plugin v27.5 - https:\/\/yoast.com\/product\/yoast-seo-wordpress\/ -->\n<title>En la casa del Se\u00f1or - La exposici\u00f3n - Habitus Fidei<\/title>\n<meta name=\"robots\" content=\"index, follow, max-snippet:-1, max-image-preview:large, max-video-preview:-1\" \/>\n<link rel=\"canonical\" href=\"https:\/\/habitusfidei.art\/es\/en-la-casa-del-senor-la-exposicion\/\" \/>\n<meta property=\"og:locale\" content=\"es_ES\" \/>\n<meta property=\"og:type\" content=\"article\" \/>\n<meta property=\"og:title\" content=\"En la casa del Se\u00f1or - La exposici\u00f3n - Habitus Fidei\" \/>\n<meta property=\"og:url\" content=\"https:\/\/habitusfidei.art\/es\/en-la-casa-del-senor-la-exposicion\/\" \/>\n<meta property=\"og:site_name\" content=\"Habitus Fidei\" \/>\n<meta property=\"article:publisher\" content=\"https:\/\/www.facebook.com\/UNESCOChairUSI\/\" \/>\n<meta property=\"article:modified_time\" content=\"2026-05-06T10:02:35+00:00\" \/>\n<meta name=\"twitter:card\" content=\"summary_large_image\" \/>\n<meta name=\"twitter:site\" content=\"@UNESCO_USI\" \/>\n<script type=\"application\/ld+json\" class=\"yoast-schema-graph\">{\"@context\":\"https:\\\/\\\/schema.org\",\"@graph\":[{\"@type\":\"WebPage\",\"@id\":\"https:\\\/\\\/habitusfidei.art\\\/es\\\/en-la-casa-del-senor-la-exposicion\\\/\",\"url\":\"https:\\\/\\\/habitusfidei.art\\\/es\\\/en-la-casa-del-senor-la-exposicion\\\/\",\"name\":\"En la casa del Se\u00f1or - La exposici\u00f3n - Habitus Fidei\",\"isPartOf\":{\"@id\":\"https:\\\/\\\/habitusfidei.art\\\/#website\"},\"datePublished\":\"2026-04-13T07:53:40+00:00\",\"dateModified\":\"2026-05-06T10:02:35+00:00\",\"breadcrumb\":{\"@id\":\"https:\\\/\\\/habitusfidei.art\\\/es\\\/en-la-casa-del-senor-la-exposicion\\\/#breadcrumb\"},\"inLanguage\":\"es-ES\",\"potentialAction\":[{\"@type\":\"ReadAction\",\"target\":[\"https:\\\/\\\/habitusfidei.art\\\/es\\\/en-la-casa-del-senor-la-exposicion\\\/\"]}]},{\"@type\":\"BreadcrumbList\",\"@id\":\"https:\\\/\\\/habitusfidei.art\\\/es\\\/en-la-casa-del-senor-la-exposicion\\\/#breadcrumb\",\"itemListElement\":[{\"@type\":\"ListItem\",\"position\":1,\"name\":\"Home\",\"item\":\"https:\\\/\\\/habitusfidei.art\\\/es\\\/\"},{\"@type\":\"ListItem\",\"position\":2,\"name\":\"En la casa del Se\u00f1or &#8211; La exposici\u00f3n\"}]},{\"@type\":\"WebSite\",\"@id\":\"https:\\\/\\\/habitusfidei.art\\\/#website\",\"url\":\"https:\\\/\\\/habitusfidei.art\\\/\",\"name\":\"Habitus Fidei\",\"description\":\"Le Vesti delle Confraternite: un cammino fra arte, storia e fede\",\"publisher\":{\"@id\":\"https:\\\/\\\/habitusfidei.art\\\/#organization\"},\"potentialAction\":[{\"@type\":\"SearchAction\",\"target\":{\"@type\":\"EntryPoint\",\"urlTemplate\":\"https:\\\/\\\/habitusfidei.art\\\/?s={search_term_string}\"},\"query-input\":{\"@type\":\"PropertyValueSpecification\",\"valueRequired\":true,\"valueName\":\"search_term_string\"}}],\"inLanguage\":\"es-ES\"},{\"@type\":\"Organization\",\"@id\":\"https:\\\/\\\/habitusfidei.art\\\/#organization\",\"name\":\"Habitus Fidei\",\"url\":\"https:\\\/\\\/habitusfidei.art\\\/\",\"logo\":{\"@type\":\"ImageObject\",\"inLanguage\":\"es-ES\",\"@id\":\"https:\\\/\\\/habitusfidei.art\\\/#\\\/schema\\\/logo\\\/image\\\/\",\"url\":\"https:\\\/\\\/habitusfidei.art\\\/wp-content\\\/uploads\\\/2026\\\/05\\\/Habitus-iOS-Default-1024x1024@1x.png\",\"contentUrl\":\"https:\\\/\\\/habitusfidei.art\\\/wp-content\\\/uploads\\\/2026\\\/05\\\/Habitus-iOS-Default-1024x1024@1x.png\",\"width\":1024,\"height\":1024,\"caption\":\"Habitus Fidei\"},\"image\":{\"@id\":\"https:\\\/\\\/habitusfidei.art\\\/#\\\/schema\\\/logo\\\/image\\\/\"},\"sameAs\":[\"https:\\\/\\\/www.facebook.com\\\/UNESCOChairUSI\\\/\",\"https:\\\/\\\/x.com\\\/UNESCO_USI\",\"https:\\\/\\\/www.youtube.com\\\/channel\\\/UC8TlOFanG5UwJns01QULjXw\"]}]}<\/script>\n<!-- \/ Yoast SEO plugin. -->","yoast_head_json":{"title":"En la casa del Se\u00f1or - La exposici\u00f3n - Habitus Fidei","robots":{"index":"index","follow":"follow","max-snippet":"max-snippet:-1","max-image-preview":"max-image-preview:large","max-video-preview":"max-video-preview:-1"},"canonical":"https:\/\/habitusfidei.art\/es\/en-la-casa-del-senor-la-exposicion\/","og_locale":"es_ES","og_type":"article","og_title":"En la casa del Se\u00f1or - La exposici\u00f3n - Habitus Fidei","og_url":"https:\/\/habitusfidei.art\/es\/en-la-casa-del-senor-la-exposicion\/","og_site_name":"Habitus Fidei","article_publisher":"https:\/\/www.facebook.com\/UNESCOChairUSI\/","article_modified_time":"2026-05-06T10:02:35+00:00","twitter_card":"summary_large_image","twitter_site":"@UNESCO_USI","schema":{"@context":"https:\/\/schema.org","@graph":[{"@type":"WebPage","@id":"https:\/\/habitusfidei.art\/es\/en-la-casa-del-senor-la-exposicion\/","url":"https:\/\/habitusfidei.art\/es\/en-la-casa-del-senor-la-exposicion\/","name":"En la casa del Se\u00f1or - La exposici\u00f3n - Habitus Fidei","isPartOf":{"@id":"https:\/\/habitusfidei.art\/#website"},"datePublished":"2026-04-13T07:53:40+00:00","dateModified":"2026-05-06T10:02:35+00:00","breadcrumb":{"@id":"https:\/\/habitusfidei.art\/es\/en-la-casa-del-senor-la-exposicion\/#breadcrumb"},"inLanguage":"es-ES","potentialAction":[{"@type":"ReadAction","target":["https:\/\/habitusfidei.art\/es\/en-la-casa-del-senor-la-exposicion\/"]}]},{"@type":"BreadcrumbList","@id":"https:\/\/habitusfidei.art\/es\/en-la-casa-del-senor-la-exposicion\/#breadcrumb","itemListElement":[{"@type":"ListItem","position":1,"name":"Home","item":"https:\/\/habitusfidei.art\/es\/"},{"@type":"ListItem","position":2,"name":"En la casa del Se\u00f1or &#8211; La exposici\u00f3n"}]},{"@type":"WebSite","@id":"https:\/\/habitusfidei.art\/#website","url":"https:\/\/habitusfidei.art\/","name":"Habitus Fidei","description":"Le Vesti delle Confraternite: un cammino fra arte, storia e fede","publisher":{"@id":"https:\/\/habitusfidei.art\/#organization"},"potentialAction":[{"@type":"SearchAction","target":{"@type":"EntryPoint","urlTemplate":"https:\/\/habitusfidei.art\/?s={search_term_string}"},"query-input":{"@type":"PropertyValueSpecification","valueRequired":true,"valueName":"search_term_string"}}],"inLanguage":"es-ES"},{"@type":"Organization","@id":"https:\/\/habitusfidei.art\/#organization","name":"Habitus Fidei","url":"https:\/\/habitusfidei.art\/","logo":{"@type":"ImageObject","inLanguage":"es-ES","@id":"https:\/\/habitusfidei.art\/#\/schema\/logo\/image\/","url":"https:\/\/habitusfidei.art\/wp-content\/uploads\/2026\/05\/Habitus-iOS-Default-1024x1024@1x.png","contentUrl":"https:\/\/habitusfidei.art\/wp-content\/uploads\/2026\/05\/Habitus-iOS-Default-1024x1024@1x.png","width":1024,"height":1024,"caption":"Habitus Fidei"},"image":{"@id":"https:\/\/habitusfidei.art\/#\/schema\/logo\/image\/"},"sameAs":["https:\/\/www.facebook.com\/UNESCOChairUSI\/","https:\/\/x.com\/UNESCO_USI","https:\/\/www.youtube.com\/channel\/UC8TlOFanG5UwJns01QULjXw"]}]}},"_links":{"self":[{"href":"https:\/\/habitusfidei.art\/es\/wp-json\/wp\/v2\/pages\/2907","targetHints":{"allow":["GET"]}}],"collection":[{"href":"https:\/\/habitusfidei.art\/es\/wp-json\/wp\/v2\/pages"}],"about":[{"href":"https:\/\/habitusfidei.art\/es\/wp-json\/wp\/v2\/types\/page"}],"author":[{"embeddable":true,"href":"https:\/\/habitusfidei.art\/es\/wp-json\/wp\/v2\/users\/3"}],"replies":[{"embeddable":true,"href":"https:\/\/habitusfidei.art\/es\/wp-json\/wp\/v2\/comments?post=2907"}],"version-history":[{"count":5,"href":"https:\/\/habitusfidei.art\/es\/wp-json\/wp\/v2\/pages\/2907\/revisions"}],"predecessor-version":[{"id":2947,"href":"https:\/\/habitusfidei.art\/es\/wp-json\/wp\/v2\/pages\/2907\/revisions\/2947"}],"wp:attachment":[{"href":"https:\/\/habitusfidei.art\/es\/wp-json\/wp\/v2\/media?parent=2907"}],"curies":[{"name":"wp","href":"https:\/\/api.w.org\/{rel}","templated":true}]}}