{"id":2915,"date":"2025-01-28T07:28:04","date_gmt":"2025-01-28T06:28:04","guid":{"rendered":"https:\/\/habitusfidei.art\/habitus-fidei\/"},"modified":"2026-05-06T12:01:04","modified_gmt":"2026-05-06T10:01:04","slug":"habitus-fidei","status":"publish","type":"page","link":"https:\/\/habitusfidei.art\/es\/","title":{"rendered":"Habitus Fidei"},"content":{"rendered":"<div class=\"et_pb_section_0 et_pb_section et_section_regular et_block_section\">\n<div class=\"et_pb_row_0 et_pb_row et_block_row\">\n<div class=\"et_pb_column_0 et_pb_column et_pb_column_4_4 et-last-child et_block_column et_pb_css_mix_blend_mode_passthrough\">\n<div class=\"et_pb_text_0 et_pb_text et_pb_bg_layout_light et_pb_module et_block_module preset--module--divi-text--default\"><div class=\"et_pb_text_inner\"><h2>Un camino entre arte, historia y fe<\/h2>\n<\/div><\/div>\n\n<div class=\"et_pb_text_1 et_pb_text et_pb_bg_layout_light et_pb_module et_block_module preset--module--divi-text--default\"><div class=\"et_pb_text_inner\"><h1>Habitus Fidei<\/h1>\n<\/div><\/div>\n<\/div>\n<\/div>\n\n<div class=\"et_pb_row_1 et_pb_row et_block_row\">\n<div class=\"et_pb_column_1 et_pb_column et_pb_column_1_3 et_block_column et_pb_css_mix_blend_mode_passthrough\">\n<div class=\"et_pb_text_2 et_pb_text et_pb_bg_layout_light et_animated et_pb_module et_block_module et_pb_text_align_left preset--module--divi-text--default\"><div class=\"et_pb_text_inner\"><h3>Las exposiciones<\/h3>\n<p><a href=\"https:\/\/habitusfidei.art\/habitus-la-mostra\/\">Le vesti delle confraternite (italiano e ingl\u00e9s)<\/a><br \/><a href=\"https:\/\/habitusfidei.art\/san-francesco-la-mostra\/\">Francesco e l'abito perfetto\u200b (italiano e ingl\u00e9s)<\/a><br \/><a href=\"https:\/\/habitusfidei.art\/es\/en-la-casa-del-senor-la-exposicion\/\">En la casa del Se\u00f1or<\/a><br \/><a href=\"https:\/\/artsandculture.google.com\/story\/7gUhATWUhElWmQ\" target=\"new\">\u200bLa creazione di un capolavoro (Online, italiano)<\/a><\/p>\n<p>&nbsp;<\/p>\n<\/div><\/div>\n<\/div>\n\n<div class=\"et_pb_column_2 et_pb_column et_pb_column_1_3 et_block_column et_pb_css_mix_blend_mode_passthrough\">\n<div class=\"et_pb_text_3 et_pb_text et_pb_bg_layout_light et_animated et_pb_module et_block_module et_pb_text_align_left preset--module--divi-text--default\"><div class=\"et_pb_text_inner\"><h3>Pr\u00f3ximamente<\/h3>\n<p><a href=\"https:\/\/habitusfidei.art\/san-francesco-la-mostra\/\">Francesco e l'abito perfetto (italiano e ingl\u00e9s)<\/a><\/p>\n<\/div><\/div>\n<\/div>\n\n<div class=\"et_pb_column_3 et_pb_column et_pb_column_1_3 et-last-child et_block_column et_pb_column_empty et_pb_css_mix_blend_mode_passthrough\"><\/div>\n<\/div>\n\n<div class=\"et_pb_row_2 et_pb_row et_pb_equal_columns et_pb_gutters1 et_block_row\">\n<div class=\"et_pb_column_4 et_pb_column et_pb_column_4_4 et-last-child et_block_column et_pb_css_mix_blend_mode_passthrough\">\n<div class=\"et_pb_module et_pb_button_module_wrapper et_pb_button_0_wrapper preset--module--divi-button--89pxbw66g2_wrapper\"><a class=\"et_pb_button_0 et_pb_button et_pb_bg_layout_light et_pb_module et_block_module preset--module--divi-button--89pxbw66g2\" href=\"https:\/\/habitusfidei.art\/san-francesco-la-mostra\/\">Descubre la pr\u00f3xima exposici\u00f3n<\/a><\/div>\n<\/div>\n<\/div>\n<\/div>\n\n<div class=\"et_pb_section_1 et_pb_section et_section_regular et_block_section\">\n<div class=\"et_pb_row_3 et_pb_row et_block_row\">\n<div class=\"et_pb_column_5 et_pb_column et_pb_column_4_4 et-last-child et_block_column et_pb_css_mix_blend_mode_passthrough\">\n<div class=\"et_pb_text_4 et_pb_text et_pb_bg_layout_light et_pb_module et_block_module preset--module--divi-text--default\"><div class=\"et_pb_text_inner\"><h2>Las exposiciones<\/h2>\n<h3>Explorando la profunda relaci\u00f3n entre el vestir y la religi\u00f3n<\/h3>\n<\/div><\/div>\n<\/div>\n<\/div>\n\n<div class=\"et_pb_row_4 et_pb_row et_block_row\">\n<div class=\"et_pb_column_6 et_pb_column et_pb_column_3_5 et_block_column et_pb_css_mix_blend_mode_passthrough\">\n<div class=\"et_pb_image_0 et_pb_image et_pb_module et_block_module\"><span class=\"et_pb_image_wrap\"><img loading=\"lazy\" decoding=\"async\" src=\"https:\/\/habitusfidei.art\/wp-content\/uploads\/2025\/01\/WhatsApp-Image-2025-01-18-at-12.09.40-1.jpeg\" title=\"WhatsApp Image 2025-01-18 at 12.09.40\" width=\"604\" height=\"800\" class=\"wp-image-50\" \/><\/span><\/div>\n<\/div>\n\n<div class=\"et_pb_column_7 et_pb_column et_pb_column_2_5 et-last-child et_block_column et_pb_css_mix_blend_mode_passthrough\">\n<div class=\"et_pb_cta_0 et_pb_promo et_pb_bg_layout_light et_pb_module et_block_module preset--module--divi-cta--2bwncbmrn4\"><div class=\"et_pb_promo_description\"><h3 class=\"et_pb_module_header\">Habitus Fidei<\/h3><div class=\"et_pb_promo_content\"><h3><span style=\"font-family: Prata; font-weight: normal; font-size: medium;\">Los h\u00e1bitos de las hermandades: un camino entre arte, historia y fe<\/span><\/h3>\n<p>Curado por: Alessandro Tosi, <strong>Lorenzo Cantoni<\/strong> (y otros) <span style=\"color: #bc8f40;\">2025<\/span><\/p>\n<p>Una exposici\u00f3n presentada en 2025 en Pisa, Lucca y Lugano.<\/p>\n<\/div><\/div><div class=\"et_pb_button_wrapper\"><a class=\"et_pb_button et_pb_promo_button\" href=\"https:\/\/habitusfidei.art\/habitus-la-mostra\/\">Ver los detalles<\/a><\/div><\/div>\n<\/div>\n<\/div>\n\n<div class=\"et_pb_row_5 et_pb_row et_pb_equal_columns et_pb_gutters1 et_block_row\">\n<div class=\"et_pb_column_8 et_pb_column et_pb_column_2_5 et_block_column et_pb_css_mix_blend_mode_passthrough\">\n<div class=\"et_pb_cta_1 et_pb_promo et_pb_bg_layout_light et_pb_module et_block_module preset--module--divi-cta--2bwncbmrn4\"><div class=\"et_pb_promo_description\"><h3 class=\"et_pb_module_header\">Francesco y el h\u00e1bito perfecto<\/h3><div class=\"et_pb_promo_content\"><h3><span style=\"font-family: Prata; font-weight: normal; font-size: medium;\">Los h\u00e1bitos de \"Hermano sol, hermana luna\"<\/span><\/h3>\n<p>Curado por: <strong>Lorenzo Cantoni<\/strong>, <strong>Alessandro Tosi<\/strong> y Diego Fiorini <br \/><span style=\"color: #bc8f40;\">4 de octubre de 2026 - 17 de octubre de 2026<\/span><\/p>\n<p>La exposici\u00f3n \u2014 realizada con motivo del octingent\u00e9simo aniversario de su muerte \u2014 explora la profunda y tormentosa relaci\u00f3n de Francisco de As\u00eds (1181\/2-1226) con el vestir.<\/p>\n<p><strong>M\u00e1s informaci\u00f3n estar\u00e1 disponible en las pr\u00f3ximas semanas.<\/strong><\/p>\n<\/div><\/div><div class=\"et_pb_button_wrapper\"><a class=\"et_pb_button et_pb_promo_button\" href=\"https:\/\/habitusfidei.art\/san-francesco-la-mostra\/\">Ver los detalles<\/a><\/div><\/div>\n<\/div>\n\n<div class=\"et_pb_column_9 et_pb_column et_pb_column_3_5 et-last-child et_block_column et_pb_css_mix_blend_mode_passthrough\">\n<div class=\"et_pb_image_1 et_pb_image et_pb_module et_block_module\"><span class=\"et_pb_image_wrap\"><img loading=\"lazy\" decoding=\"async\" src=\"https:\/\/habitusfidei.art\/wp-content\/uploads\/2026\/04\/Giotto_di_Bondone_-_Legend_of_St_Francis_-_2._St_Francis_Giving_his_Mantle_to_a_Poor_Man_-_WGA09119.jpg\" title=\"WhatsApp Image 2025-01-18 at 12.09.40\" width=\"976\" height=\"1001\" class=\"wp-image-2406\" \/><\/span><\/div>\n<\/div>\n<\/div>\n\n<div class=\"et_pb_row_6 et_pb_row et_block_row\">\n<div class=\"et_pb_column_10 et_pb_column et_pb_column_3_5 et_block_column et_pb_css_mix_blend_mode_passthrough\">\n<div class=\"et_pb_image_2 et_pb_image et_pb_module et_block_module\"><span class=\"et_pb_image_wrap\"><img loading=\"lazy\" decoding=\"async\" src=\"https:\/\/habitusfidei.art\/wp-content\/uploads\/2026\/04\/54947933635_018aef4a59_k.jpg\" title=\"54947933635_018aef4a59_k\" width=\"1257\" height=\"2047\" class=\"wp-image-2510\" \/><\/span><\/div>\n<\/div>\n\n<div class=\"et_pb_column_11 et_pb_column et_pb_column_2_5 et-last-child et_block_column et_pb_css_mix_blend_mode_passthrough\">\n<div class=\"et_pb_cta_2 et_pb_promo et_pb_bg_layout_light et_pb_module et_block_module preset--module--divi-cta--2bwncbmrn4\"><div class=\"et_pb_promo_description\"><h3 class=\"et_pb_module_header\">En la casa del Se\u00f1or<\/h3><div class=\"et_pb_promo_content\"><h3><span style=\"font-family: Prata; font-weight: normal; font-size: medium;\">H\u00e1bitos y hermandades del \"Se\u00f1or de los Milagros\" en el mundo<\/span><\/h3>\n<p>Curado por: <strong>Adine Gavazzi<\/strong>, <strong>Lorenzo Cantoni<\/strong>, <strong>Alessandro Tosi<\/strong>,    <strong>Anel Pancorvo<\/strong><br \/>\n<span style=\"color: #bc8f40;\">Fechas por definir<\/span><\/p>\n<p><strong>M\u00e1s informaci\u00f3n estar\u00e1 disponible en las pr\u00f3ximas semanas.<\/strong><\/p>\n<\/div><\/div><div class=\"et_pb_button_wrapper\"><a class=\"et_pb_button et_pb_promo_button\" href=\"https:\/\/habitusfidei.art\/house-of-the-senor-la-mostra\/\">Ver los detalles<\/a><\/div><\/div>\n<\/div>\n<\/div>\n\n<div class=\"et_pb_row_7 et_pb_row et_pb_equal_columns et_pb_gutters1 et_block_row\">\n<div class=\"et_pb_column_12 et_pb_column et_pb_column_2_5 et_block_column et_pb_css_mix_blend_mode_passthrough\">\n<div class=\"et_pb_cta_3 et_pb_promo et_pb_bg_layout_light et_pb_module et_block_module preset--module--divi-cta--2bwncbmrn4\"><div class=\"et_pb_promo_description\"><h3 class=\"et_pb_module_header\">La creaci\u00f3n de una obra maestra<\/h3><div class=\"et_pb_promo_content\"><h3><span style=\"font-family: Prata; font-weight: normal; font-size: medium;\">El Paramento de Don Nicola Mazza: de un instituto femenino en la Verona del 1800 a \"Heavenly Bodies\" en el MET<\/h3>\n<p> Curado por: <strong>Giovanna Caligiuri<\/strong>, <strong>Charlotte Stachel<\/strong> y <strong>Lorenzo Cantoni<\/strong><br \/>\n<span style=\"color: #bc8f40;\">En l\u00ednea<\/span><\/p>\n<\/div><\/div><div class=\"et_pb_button_wrapper\"><a class=\"et_pb_button et_pb_promo_button\" target=\"_blank\" href=\"https:\/\/artsandculture.google.com\/story\/7gUhATWUhElWmQ\" rel=\"noreferrer\">Visita la exposici\u00f3n<\/a><\/div><\/div>\n<\/div>\n\n<div class=\"et_pb_column_13 et_pb_column et_pb_column_3_5 et-last-child et_block_column et_pb_css_mix_blend_mode_passthrough\">\n<div class=\"et_pb_image_3 et_pb_image et_pb_module et_block_module\"><span class=\"et_pb_image_wrap\"><img loading=\"lazy\" decoding=\"async\" src=\"https:\/\/habitusfidei.art\/wp-content\/uploads\/2026\/04\/paramento_don_mazza.png\" alt=\"Il Paramento di don Mazza\" title=\"paramento_don_mazza\" width=\"1194\" height=\"1237\" class=\"wp-image-2670\" \/><\/span><\/div>\n<\/div>\n<\/div>\n<\/div>\n\n<div class=\"et_pb_section_2 et_pb_section et_section_regular et_block_section\">\n<div class=\"et_pb_row_8 et_pb_row et_block_row\">\n<div class=\"et_pb_column_14 et_pb_column et_pb_column_4_4 et-last-child et_block_column et_pb_css_mix_blend_mode_passthrough\">\n<div class=\"et_pb_text_5 et_pb_text et_pb_bg_layout_light et_pb_module et_block_module preset--module--divi-text--default\"><div class=\"et_pb_text_inner\"><h2>Las exposiciones<\/h2>\n<h3>Explorando la profunda relaci\u00f3n entre el vestir y la religi\u00f3n<\/h3>\n<\/div><\/div>\n<\/div>\n<\/div>\n\n<div class=\"et_pb_row_9 et_pb_row et_flex_row\">\n<div class=\"et_pb_column_15 et_pb_column et-last-child et_block_column et_pb_css_mix_blend_mode_passthrough et_flex_column_24_24 et_flex_column_24_24_tablet et_flex_column_24_24_phone\">\n<div class=\"et_pb_image_4 et_pb_image et_pb_module et_block_module\"><span class=\"et_pb_image_wrap\"><img loading=\"lazy\" decoding=\"async\" src=\"https:\/\/habitusfidei.art\/wp-content\/uploads\/2025\/01\/WhatsApp-Image-2025-01-18-at-12.09.40-1.jpeg\" title=\"WhatsApp Image 2025-01-18 at 12.09.40\" width=\"604\" height=\"800\" class=\"wp-image-50\" \/><\/span><\/div>\n\n<div class=\"et_pb_cta_4 et_pb_promo et_pb_bg_layout_light et_pb_module et_block_module preset--module--divi-cta--2bwncbmrn4\"><div class=\"et_pb_promo_description\"><h3 class=\"et_pb_module_header\">Habitus Fidei<\/h3><div class=\"et_pb_promo_content\"><h3><span style=\"font-family: Prata; font-weight: normal; font-size: medium;\">Los h\u00e1bitos de las hermandades: un camino entre arte, historia y fe<\/span><\/h3>\n<p>Curado por: Alessandro Tosi, <strong>Lorenzo Cantoni<\/strong> (y otros) <span style=\"color: #bc8f40;\">2025<\/span><\/p>\n<p>Una exposici\u00f3n presentada en 2025 en Pisa, Lucca y Lugano.<\/p>\n<\/div><\/div><div class=\"et_pb_button_wrapper\"><a class=\"et_pb_button et_pb_promo_button\" href=\"https:\/\/habitusfidei.art\/habitus-la-mostra\/\">Ver los detalles<\/a><\/div><\/div>\n<\/div>\n<\/div>\n\n<div class=\"et_pb_row_10 et_pb_row et_flex_row\">\n<div class=\"et_pb_column_16 et_pb_column et-last-child et_block_column et_pb_css_mix_blend_mode_passthrough et_flex_column_24_24 et_flex_column_24_24_tablet et_flex_column_24_24_phone\">\n<div class=\"et_pb_image_5 et_pb_image et_pb_module et_block_module\"><span class=\"et_pb_image_wrap\"><img loading=\"lazy\" decoding=\"async\" src=\"https:\/\/habitusfidei.art\/wp-content\/uploads\/2026\/04\/Giotto_di_Bondone_-_Legend_of_St_Francis_-_2._St_Francis_Giving_his_Mantle_to_a_Poor_Man_-_WGA09119.jpg\" title=\"WhatsApp Image 2025-01-18 at 12.09.40\" width=\"976\" height=\"1001\" class=\"wp-image-2406\" \/><\/span><\/div>\n\n<div class=\"et_pb_cta_5 et_pb_promo et_pb_bg_layout_light et_pb_module et_block_module preset--module--divi-cta--2bwncbmrn4\"><div class=\"et_pb_promo_description\"><h3 class=\"et_pb_module_header\">Francesco y el h\u00e1bito perfecto<\/h3><div class=\"et_pb_promo_content\"><h3><span style=\"font-family: Prata; font-weight: normal; font-size: medium;\">Los h\u00e1bitos de \"Hermano sol, hermana luna\"<\/span><\/h3>\n<p>Curado por: <strong>Lorenzo Cantoni<\/strong>, <strong>Alessandro Tosi<\/strong> y Diego Fiorini <br \/><span style=\"color: #bc8f40;\">4 de octubre de 2026 - 17 de octubre de 2026<\/span><\/p>\n<p>La exposici\u00f3n \u2014 realizada con motivo del octingent\u00e9simo aniversario de su muerte \u2014 explora la profunda y tormentosa relaci\u00f3n de Francisco de As\u00eds (1181\/2-1226) con el vestir.<\/p>\n<p><strong>M\u00e1s informaci\u00f3n estar\u00e1 disponible en las pr\u00f3ximas semanas.<\/strong><\/p>\n<\/div><\/div><div class=\"et_pb_button_wrapper\"><a class=\"et_pb_button et_pb_promo_button\" href=\"https:\/\/habitusfidei.art\/san-francesco-la-mostra\/\">Ver los detalles<\/a><\/div><\/div>\n<\/div>\n<\/div>\n\n<div class=\"et_pb_row_11 et_pb_row et_flex_row\">\n<div class=\"et_pb_column_17 et_pb_column et-last-child et_block_column et_pb_css_mix_blend_mode_passthrough et_flex_column_24_24 et_flex_column_24_24_tablet et_flex_column_24_24_phone\">\n<div class=\"et_pb_image_6 et_pb_image et_pb_module et_block_module\"><span class=\"et_pb_image_wrap\"><img loading=\"lazy\" decoding=\"async\" src=\"https:\/\/habitusfidei.art\/wp-content\/uploads\/2026\/04\/54947933635_018aef4a59_k.jpg\" title=\"WhatsApp Image 2025-01-18 at 12.09.40\" width=\"1257\" height=\"2047\" class=\"wp-image-2510\" \/><\/span><\/div>\n\n<div class=\"et_pb_cta_6 et_pb_promo et_pb_bg_layout_light et_pb_module et_block_module preset--module--divi-cta--2bwncbmrn4\"><div class=\"et_pb_promo_description\"><h3 class=\"et_pb_module_header\">En la casa del Se\u00f1or<\/h3><div class=\"et_pb_promo_content\"><h3><span style=\"font-family: Prata; font-weight: normal; font-size: medium;\">H\u00e1bitos y hermandades del \"Se\u00f1or de los Milagros\" en el mundo<\/span><\/h3>\n<p>Curado por: <strong>Adine Gavazzi<\/strong>, <strong>Lorenzo Cantoni<\/strong>, <strong>Alessandro Tosi<\/strong>,    <strong>Anel Pancorvo<\/strong><br \/>\n<span style=\"color: #bc8f40;\">Fechas por definir<\/span><\/p>\n<p><strong>M\u00e1s informaci\u00f3n estar\u00e1 disponible en las pr\u00f3ximas semanas.<\/strong><\/p>\n<\/div><\/div><div class=\"et_pb_button_wrapper\"><a class=\"et_pb_button et_pb_promo_button\" href=\"https:\/\/habitusfidei.art\/house-of-the-senor-la-mostra\/\">Ver los detalles<\/a><\/div><\/div>\n<\/div>\n<\/div>\n\n<div class=\"et_pb_row_12 et_pb_row et_flex_row\">\n<div class=\"et_pb_column_18 et_pb_column et-last-child et_block_column et_pb_css_mix_blend_mode_passthrough et_flex_column_24_24 et_flex_column_24_24_tablet et_flex_column_24_24_phone\">\n<div class=\"et_pb_image_7 et_pb_image et_pb_module et_block_module\"><span class=\"et_pb_image_wrap\"><img loading=\"lazy\" decoding=\"async\" src=\"https:\/\/habitusfidei.art\/wp-content\/uploads\/2026\/04\/paramento_don_mazza.png\" alt=\"Il Paramento di don Mazza\" title=\"WhatsApp Image 2025-01-18 at 12.09.40\" width=\"1194\" height=\"1237\" class=\"wp-image-2670\" \/><\/span><\/div>\n\n<div class=\"et_pb_cta_7 et_pb_promo et_pb_bg_layout_light et_pb_module et_block_module preset--module--divi-cta--2bwncbmrn4\"><div class=\"et_pb_promo_description\"><h3 class=\"et_pb_module_header\">La creaci\u00f3n de una obra maestra<\/h3><div class=\"et_pb_promo_content\"><h3><span style=\"font-family: Prata; font-weight: normal; font-size: medium;\">El Paramento de Don Nicola Mazza: de un instituto femenino en la Verona del 1800 a \"Heavenly Bodies\" en el MET<\/h3>\n<p> Curado por: <strong>Giovanna Caligiuri<\/strong>, <strong>Charlotte Stachel<\/strong> y <strong>Lorenzo Cantoni<\/strong><br \/>\n<span style=\"color: #bc8f40;\">En l\u00ednea<\/span><\/p>\n<\/div><\/div><div class=\"et_pb_button_wrapper\"><a class=\"et_pb_button et_pb_promo_button\" target=\"_blank\" href=\"https:\/\/artsandculture.google.com\/story\/7gUhATWUhElWmQ\" rel=\"noreferrer\">Visita la exposici\u00f3n<\/a><\/div><\/div>\n<\/div>\n<\/div>\n<\/div>","protected":false},"excerpt":{"rendered":"","protected":false},"author":3,"featured_media":0,"parent":0,"menu_order":0,"comment_status":"closed","ping_status":"closed","template":"","meta":{"footnotes":""},"class_list":["post-2915","page","type-page","status-publish","hentry"],"yoast_head":"<!-- This site is optimized with the Yoast SEO plugin v27.5 - https:\/\/yoast.com\/product\/yoast-seo-wordpress\/ -->\n<title>Habitus Fidei - Habitus Fidei<\/title>\n<meta name=\"robots\" content=\"index, follow, max-snippet:-1, max-image-preview:large, max-video-preview:-1\" \/>\n<link rel=\"canonical\" href=\"https:\/\/habitusfidei.art\/es\/\" \/>\n<meta property=\"og:locale\" content=\"es_ES\" \/>\n<meta property=\"og:type\" content=\"article\" \/>\n<meta property=\"og:title\" content=\"Habitus Fidei - Habitus Fidei\" \/>\n<meta property=\"og:url\" content=\"https:\/\/habitusfidei.art\/es\/\" \/>\n<meta property=\"og:site_name\" content=\"Habitus Fidei\" \/>\n<meta property=\"article:publisher\" content=\"https:\/\/www.facebook.com\/UNESCOChairUSI\/\" \/>\n<meta property=\"article:modified_time\" content=\"2026-05-06T10:01:04+00:00\" \/>\n<meta name=\"twitter:card\" content=\"summary_large_image\" \/>\n<meta name=\"twitter:site\" content=\"@UNESCO_USI\" \/>\n<script type=\"application\/ld+json\" class=\"yoast-schema-graph\">{\"@context\":\"https:\\\/\\\/schema.org\",\"@graph\":[{\"@type\":\"WebPage\",\"@id\":\"https:\\\/\\\/habitusfidei.art\\\/es\\\/\",\"url\":\"https:\\\/\\\/habitusfidei.art\\\/es\\\/\",\"name\":\"Habitus Fidei - Habitus Fidei\",\"isPartOf\":{\"@id\":\"https:\\\/\\\/habitusfidei.art\\\/#website\"},\"datePublished\":\"2025-01-28T06:28:04+00:00\",\"dateModified\":\"2026-05-06T10:01:04+00:00\",\"breadcrumb\":{\"@id\":\"https:\\\/\\\/habitusfidei.art\\\/es\\\/#breadcrumb\"},\"inLanguage\":\"es-ES\",\"potentialAction\":[{\"@type\":\"ReadAction\",\"target\":[\"https:\\\/\\\/habitusfidei.art\\\/es\\\/\"]}]},{\"@type\":\"BreadcrumbList\",\"@id\":\"https:\\\/\\\/habitusfidei.art\\\/es\\\/#breadcrumb\",\"itemListElement\":[{\"@type\":\"ListItem\",\"position\":1,\"name\":\"Home\",\"item\":\"https:\\\/\\\/habitusfidei.art\\\/es\\\/\"},{\"@type\":\"ListItem\",\"position\":2,\"name\":\"Habitus Fidei\"}]},{\"@type\":\"WebSite\",\"@id\":\"https:\\\/\\\/habitusfidei.art\\\/#website\",\"url\":\"https:\\\/\\\/habitusfidei.art\\\/\",\"name\":\"Habitus Fidei\",\"description\":\"Le Vesti delle Confraternite: un cammino fra arte, storia e fede\",\"publisher\":{\"@id\":\"https:\\\/\\\/habitusfidei.art\\\/#organization\"},\"potentialAction\":[{\"@type\":\"SearchAction\",\"target\":{\"@type\":\"EntryPoint\",\"urlTemplate\":\"https:\\\/\\\/habitusfidei.art\\\/?s={search_term_string}\"},\"query-input\":{\"@type\":\"PropertyValueSpecification\",\"valueRequired\":true,\"valueName\":\"search_term_string\"}}],\"inLanguage\":\"es-ES\"},{\"@type\":\"Organization\",\"@id\":\"https:\\\/\\\/habitusfidei.art\\\/#organization\",\"name\":\"Habitus Fidei\",\"url\":\"https:\\\/\\\/habitusfidei.art\\\/\",\"logo\":{\"@type\":\"ImageObject\",\"inLanguage\":\"es-ES\",\"@id\":\"https:\\\/\\\/habitusfidei.art\\\/#\\\/schema\\\/logo\\\/image\\\/\",\"url\":\"https:\\\/\\\/habitusfidei.art\\\/wp-content\\\/uploads\\\/2026\\\/05\\\/Habitus-iOS-Default-1024x1024@1x.png\",\"contentUrl\":\"https:\\\/\\\/habitusfidei.art\\\/wp-content\\\/uploads\\\/2026\\\/05\\\/Habitus-iOS-Default-1024x1024@1x.png\",\"width\":1024,\"height\":1024,\"caption\":\"Habitus Fidei\"},\"image\":{\"@id\":\"https:\\\/\\\/habitusfidei.art\\\/#\\\/schema\\\/logo\\\/image\\\/\"},\"sameAs\":[\"https:\\\/\\\/www.facebook.com\\\/UNESCOChairUSI\\\/\",\"https:\\\/\\\/x.com\\\/UNESCO_USI\",\"https:\\\/\\\/www.youtube.com\\\/channel\\\/UC8TlOFanG5UwJns01QULjXw\"]}]}<\/script>\n<!-- \/ Yoast SEO plugin. -->","yoast_head_json":{"title":"Habitus Fidei - Habitus Fidei","robots":{"index":"index","follow":"follow","max-snippet":"max-snippet:-1","max-image-preview":"max-image-preview:large","max-video-preview":"max-video-preview:-1"},"canonical":"https:\/\/habitusfidei.art\/es\/","og_locale":"es_ES","og_type":"article","og_title":"Habitus Fidei - Habitus Fidei","og_url":"https:\/\/habitusfidei.art\/es\/","og_site_name":"Habitus Fidei","article_publisher":"https:\/\/www.facebook.com\/UNESCOChairUSI\/","article_modified_time":"2026-05-06T10:01:04+00:00","twitter_card":"summary_large_image","twitter_site":"@UNESCO_USI","schema":{"@context":"https:\/\/schema.org","@graph":[{"@type":"WebPage","@id":"https:\/\/habitusfidei.art\/es\/","url":"https:\/\/habitusfidei.art\/es\/","name":"Habitus Fidei - Habitus Fidei","isPartOf":{"@id":"https:\/\/habitusfidei.art\/#website"},"datePublished":"2025-01-28T06:28:04+00:00","dateModified":"2026-05-06T10:01:04+00:00","breadcrumb":{"@id":"https:\/\/habitusfidei.art\/es\/#breadcrumb"},"inLanguage":"es-ES","potentialAction":[{"@type":"ReadAction","target":["https:\/\/habitusfidei.art\/es\/"]}]},{"@type":"BreadcrumbList","@id":"https:\/\/habitusfidei.art\/es\/#breadcrumb","itemListElement":[{"@type":"ListItem","position":1,"name":"Home","item":"https:\/\/habitusfidei.art\/es\/"},{"@type":"ListItem","position":2,"name":"Habitus Fidei"}]},{"@type":"WebSite","@id":"https:\/\/habitusfidei.art\/#website","url":"https:\/\/habitusfidei.art\/","name":"Habitus Fidei","description":"Le Vesti delle Confraternite: un cammino fra arte, storia e fede","publisher":{"@id":"https:\/\/habitusfidei.art\/#organization"},"potentialAction":[{"@type":"SearchAction","target":{"@type":"EntryPoint","urlTemplate":"https:\/\/habitusfidei.art\/?s={search_term_string}"},"query-input":{"@type":"PropertyValueSpecification","valueRequired":true,"valueName":"search_term_string"}}],"inLanguage":"es-ES"},{"@type":"Organization","@id":"https:\/\/habitusfidei.art\/#organization","name":"Habitus Fidei","url":"https:\/\/habitusfidei.art\/","logo":{"@type":"ImageObject","inLanguage":"es-ES","@id":"https:\/\/habitusfidei.art\/#\/schema\/logo\/image\/","url":"https:\/\/habitusfidei.art\/wp-content\/uploads\/2026\/05\/Habitus-iOS-Default-1024x1024@1x.png","contentUrl":"https:\/\/habitusfidei.art\/wp-content\/uploads\/2026\/05\/Habitus-iOS-Default-1024x1024@1x.png","width":1024,"height":1024,"caption":"Habitus Fidei"},"image":{"@id":"https:\/\/habitusfidei.art\/#\/schema\/logo\/image\/"},"sameAs":["https:\/\/www.facebook.com\/UNESCOChairUSI\/","https:\/\/x.com\/UNESCO_USI","https:\/\/www.youtube.com\/channel\/UC8TlOFanG5UwJns01QULjXw"]}]}},"_links":{"self":[{"href":"https:\/\/habitusfidei.art\/es\/wp-json\/wp\/v2\/pages\/2915","targetHints":{"allow":["GET"]}}],"collection":[{"href":"https:\/\/habitusfidei.art\/es\/wp-json\/wp\/v2\/pages"}],"about":[{"href":"https:\/\/habitusfidei.art\/es\/wp-json\/wp\/v2\/types\/page"}],"author":[{"embeddable":true,"href":"https:\/\/habitusfidei.art\/es\/wp-json\/wp\/v2\/users\/3"}],"replies":[{"embeddable":true,"href":"https:\/\/habitusfidei.art\/es\/wp-json\/wp\/v2\/comments?post=2915"}],"version-history":[{"count":17,"href":"https:\/\/habitusfidei.art\/es\/wp-json\/wp\/v2\/pages\/2915\/revisions"}],"predecessor-version":[{"id":2945,"href":"https:\/\/habitusfidei.art\/es\/wp-json\/wp\/v2\/pages\/2915\/revisions\/2945"}],"wp:attachment":[{"href":"https:\/\/habitusfidei.art\/es\/wp-json\/wp\/v2\/media?parent=2915"}],"curies":[{"name":"wp","href":"https:\/\/api.w.org\/{rel}","templated":true}]}}